{"id":12028,"date":"2025-08-28T10:43:04","date_gmt":"2025-08-28T08:43:04","guid":{"rendered":"https:\/\/uphotelbudapest.com\/lira-terasz\/"},"modified":"2025-08-31T10:09:33","modified_gmt":"2025-08-31T08:09:33","slug":"lira-terasz","status":"publish","type":"page","link":"https:\/\/uphotelbudapest.com\/en\/lira-terasz\/","title":{"rendered":"L\u00edra terasz"},"content":{"rendered":"<div class=\"wpb-content-wrapper\"><p>[vc_row css_animation=&#8221;&#8221; row_type=&#8221;row&#8221; use_row_as_full_screen_section=&#8221;no&#8221; type=&#8221;grid&#8221; angled_section=&#8221;no&#8221; text_align=&#8221;left&#8221; background_image_as_pattern=&#8221;without_pattern&#8221; z_index=&#8221;6&#8243; el_class=&#8221;vc_hidden-md vc_hidden-sm vc_hidden-xs&#8221;][vc_column][vc_empty_space height=&#8221;50px&#8221;][\/vc_column][\/vc_row][vc_row css_animation=&#8221;&#8221; row_type=&#8221;row&#8221; use_row_as_full_screen_section=&#8221;no&#8221; type=&#8221;grid&#8221; angled_section=&#8221;no&#8221; text_align=&#8221;left&#8221; background_image_as_pattern=&#8221;without_pattern&#8221; z_index=&#8221;5&#8243;][vc_column css=&#8221;.vc_custom_1723795626630{padding-right: 0px !important;padding-left: 0px !important;background-color: #ffffff !important;}&#8221;][vc_separator type=&#8221;transparent&#8221; up=&#8221;-49&#8243; el_class=&#8221;vc_hidden-md vc_hidden-sm vc_hidden-xs&#8221;][vc_separator type=&#8221;transparent&#8221; up=&#8221;-36&#8243; el_class=&#8221;vc_hidden-lg&#8221;][qode_elements_holder number_of_columns=&#8221;two_columns&#8221; custom_class=&#8221;eh-with-image&#8221;][qode_elements_holder_item advanced_animations=&#8221;no&#8221; item_padding=&#8221;0px 0px 0px 0px&#8221;][vc_single_image image=&#8221;12016&#8243; img_size=&#8221;full&#8221; css=&#8221;&#8221; qode_css_animation=&#8221;&#8221;][\/qode_elements_holder_item][qode_elements_holder_item vertical_alignment=&#8221;middle&#8221; horizontal_alignment=&#8221;left&#8221; advanced_animations=&#8221;no&#8221; background_image=&#8221;91&#8243; item_padding=&#8221;40px 50px 40px 50px&#8221; item_padding_1024_1280=&#8221;40px 50px 40px 50px&#8221; item_padding_768_1024=&#8221;40px 50px 40px 50px&#8221; item_padding_480_600=&#8221;40px 40px 40px 40px&#8221; item_padding_480=&#8221;40px 40px 40px 40px&#8221; background_color=&#8221;#ffffff&#8221;][vc_column_text css=&#8221;&#8221;]<\/p>\n<h2>L\u00edra Terasz<span style=\"color: #dc3d37;\">.<\/span><\/h2>\n<p>[\/vc_column_text][vc_empty_space height=&#8221;9px&#8221;][vc_column_text css=&#8221;&#8221;]Our own caf\u00e9, L\u00edra Terasz, is located in Hunyadi Square Park, opposite the hotel. As a specialty caf\u00e9, we place great emphasis on the coffee experience. All our coffee drinks are made from Madal&#8217;s own roasted products, a brand well-known for being the pioneer of the coffee revolution in Budapest. In the morning, we welcome our guests with pastries, sandwiches, and French breakfast, while in the afternoon and evening, we offer a limited menu from Posner Bistro. With the opening of L\u00edra, our hotel has been expanded with a pleasant terrace where you can relax and enjoy the atmosphere.[\/vc_column_text][vc_empty_space height=&#8221;19px&#8221;]\n\n\t<a href=\"https:\/\/uphotelbudapest.com\/wp-content\/uploads\/2025\/08\/Lira_etlap.pdf\" target=\"_blank\" style=\"font-size: 21px;margin: 0px 30px 0px 0px\" class=\"qode-btn qode-btn-medium qode-btn-simple qode-btn-icon qode-btn-default-hover\"  >\n\t    <span class=\"qode-btn-text\">Menu<\/span><span class=\"qode-button-v2-icon-holder\"  ><i class=\"qode_icon_font_awesome fa fa-angle-right qode-button-v2-icon-holder-inner\" ><\/i><\/span>\t<\/a>\n\n\n\n\t<a href=\"https:\/\/uphotelbudapest.com\/wp-content\/uploads\/2025\/08\/Lira_itallap_A5._UJpdf.pdf\" target=\"_blank\" style=\"font-size: 21px;margin: 0px 30px 0px 0px\" class=\"qode-btn qode-btn-medium qode-btn-simple qode-btn-icon qode-btn-default-hover\"  >\n\t    <span class=\"qode-btn-text\">Drinks<\/span><span class=\"qode-button-v2-icon-holder\"  ><i class=\"qode_icon_font_awesome fa fa-angle-right qode-button-v2-icon-holder-inner\" ><\/i><\/span>\t<\/a>\n\n[\/qode_elements_holder_item][\/qode_elements_holder][\/vc_column][\/vc_row][vc_row css_animation=&#8221;&#8221; row_type=&#8221;row&#8221; use_row_as_full_screen_section=&#8221;no&#8221; type=&#8221;grid&#8221; angled_section=&#8221;no&#8221; text_align=&#8221;left&#8221; background_image_as_pattern=&#8221;without_pattern&#8221; z_index=&#8221;6&#8243; el_class=&#8221;vc_hidden-md vc_hidden-sm vc_hidden-xs&#8221;][vc_column][vc_empty_space height=&#8221;50px&#8221;][\/vc_column][\/vc_row][vc_row css_animation=&#8221;&#8221; row_type=&#8221;row&#8221; use_row_as_full_screen_section=&#8221;no&#8221; type=&#8221;grid&#8221; angled_section=&#8221;no&#8221; text_align=&#8221;left&#8221; background_image_as_pattern=&#8221;without_pattern&#8221; z_index=&#8221;2&#8243; css=&#8221;.vc_custom_1687869596242{padding-top: 102px !important;}&#8221;][vc_column][qode_elements_holder number_of_columns=&#8221;one_column&#8221;][qode_elements_holder_item advanced_animations=&#8221;no&#8221; item_padding=&#8221;0px 59% 0 82px&#8221; item_padding_1024_1280=&#8221;0px 49% 0 82px&#8221; item_padding_768_1024=&#8221;0px 45% 0 82px&#8221; item_padding_600_768=&#8221;0px 24% 0 82px&#8221; item_padding_480_600=&#8221;0px 16% 0 20px&#8221; item_padding_480=&#8221;0px 16% 0 20px&#8221; item_padding_1280_1440=&#8221;0px 49% 0 82px&#8221;][vc_row_inner row_type=&#8221;row&#8221; type=&#8221;full_width&#8221; text_align=&#8221;left&#8221; css_animation=&#8221;&#8221;][vc_column_inner css=&#8221;.vc_custom_1511942708344{border-top-width: 10px !important;border-top-color: #000000 !important;border-top-style: solid !important;}&#8221;][vc_separator type=&#8221;transparent&#8221; up=&#8221;-24&#8243;][vc_column_text]<\/p>\n<h1>Visit Us.<\/h1>\n<h1><span style=\"color: #dc3d37;\">It&#8217;s easy.<\/span><\/h1>\n<p>[\/vc_column_text][\/vc_column_inner][\/vc_row_inner][\/qode_elements_holder_item][\/qode_elements_holder][vc_separator type=&#8221;transparent&#8221; el_class=&#8221;vc_hidden-md vc_hidden-sm vc_hidden-xs&#8221; up=&#8221;-49&#8243;][vc_separator type=&#8221;transparent&#8221; el_class=&#8221;vc_hidden-lg&#8221; up=&#8221;-36&#8243;][\/vc_column][\/vc_row][vc_row css_animation=&#8221;&#8221; row_type=&#8221;row&#8221; use_row_as_full_screen_section=&#8221;no&#8221; type=&#8221;grid&#8221; angled_section=&#8221;no&#8221; text_align=&#8221;left&#8221; background_image_as_pattern=&#8221;without_pattern&#8221; z_index=&#8221;1&#8243;][vc_column][vc_row_inner row_type=&#8221;row&#8221; type=&#8221;full_width&#8221; text_align=&#8221;left&#8221; row_negative_margin=&#8221;disable_negative_margin&#8221; css_animation=&#8221;&#8221;][vc_column_inner css=&#8221;.vc_custom_1687869869534{background-color: #ffffff !important;}&#8221;][qode_elements_holder number_of_columns=&#8221;one_column&#8221;][qode_elements_holder_item advanced_animations=&#8221;no&#8221; item_padding=&#8221;0 36px 36px 36px&#8221; item_padding_600_768=&#8221;0 49px 49px 49px&#8221; item_padding_480_600=&#8221;0 20px 20px 20px&#8221; item_padding_480=&#8221;0 20px 20px 20px&#8221;][vc_raw_html]JTNDaWZyYW1lJTIwc3JjJTNEJTIyaHR0cHMlM0ElMkYlMkZzbmF6enltYXBzLmNvbSUyRmVtYmVkJTJGMTc0NDE1JTIyJTIwd2lkdGglM0QlMjIxMDAlMjUlMjIlMjBoZWlnaHQlM0QlMjI2MDBweCUyMiUyMHN0eWxlJTNEJTIyYm9yZGVyJTNBbm9uZSUzQiUyMiUzRSUzQyUyRmlmcmFtZSUzRQ==[\/vc_raw_html][\/qode_elements_holder_item][\/qode_elements_holder][\/vc_column_inner][\/vc_row_inner][\/vc_column][\/vc_row][vc_row css_animation=&#8221;&#8221; row_type=&#8221;row&#8221; use_row_as_full_screen_section=&#8221;no&#8221; type=&#8221;grid&#8221; angled_section=&#8221;no&#8221; text_align=&#8221;left&#8221; background_image_as_pattern=&#8221;without_pattern&#8221; z_index=&#8221;6&#8243; el_class=&#8221;vc_hidden-md vc_hidden-sm vc_hidden-xs&#8221;][vc_column][vc_empty_space height=&#8221;150px&#8221;][\/vc_column][\/vc_row][vc_row css_animation=&#8221;&#8221; row_type=&#8221;row&#8221; use_row_as_full_screen_section=&#8221;no&#8221; type=&#8221;grid&#8221; angled_section=&#8221;no&#8221; text_align=&#8221;left&#8221; background_image_as_pattern=&#8221;without_pattern&#8221; padding_top=&#8221;171&#8243; z_index=&#8221;4&#8243;][vc_column][qode_elements_holder number_of_columns=&#8221;one_column&#8221;][qode_elements_holder_item advanced_animations=&#8221;no&#8221; item_padding=&#8221;0px 66% 0 20px&#8221; item_padding_1024_1280=&#8221;0px 59% 0 20px&#8221; item_padding_768_1024=&#8221;0px 53% 0 20px&#8221; item_padding_600_768=&#8221;0px 25% 0 20px&#8221; item_padding_480_600=&#8221;0px 19% 0 20px&#8221; item_padding_480=&#8221;0px 19% 0 20px&#8221;][vc_row_inner row_type=&#8221;row&#8221; type=&#8221;full_width&#8221; text_align=&#8221;left&#8221; css_animation=&#8221;&#8221;][vc_column_inner css=&#8221;.vc_custom_1571910093320{border-top-width: 10px !important;border-top-color: #dc3d37 !important;border-top-style: solid !important;}&#8221;][\/vc_column_inner][\/vc_row_inner][\/qode_elements_holder_item][\/qode_elements_holder][\/vc_column][\/vc_row]<\/p>\n<\/div>","protected":false},"excerpt":{"rendered":"<p>[vc_row css_animation=&#8221;&#8221; row_type=&#8221;row&#8221; use_row_as_full_screen_section=&#8221;no&#8221; type=&#8221;grid&#8221; angled_section=&#8221;no&#8221; text_align=&#8221;left&#8221; background_image_as_pattern=&#8221;without_pattern&#8221; z_index=&#8221;6&#8243; el_class=&#8221;vc_hidden-md vc_hidden-sm vc_hidden-xs&#8221;][vc_column][vc_empty_space height=&#8221;50px&#8221;][\/vc_column][\/vc_row][vc_row css_animation=&#8221;&#8221; row_type=&#8221;row&#8221; use_row_as_full_screen_section=&#8221;no&#8221; type=&#8221;grid&#8221; angled_section=&#8221;no&#8221; text_align=&#8221;left&#8221; background_image_as_pattern=&#8221;without_pattern&#8221; z_index=&#8221;5&#8243;][vc_column css=&#8221;.vc_custom_1723795626630{padding-right: 0px !important;padding-left: 0px !important;background-color: #ffffff !important;}&#8221;][vc_separator type=&#8221;transparent&#8221; up=&#8221;-49&#8243; el_class=&#8221;vc_hidden-md vc_hidden-sm vc_hidden-xs&#8221;][vc_separator type=&#8221;transparent&#8221; up=&#8221;-36&#8243; el_class=&#8221;vc_hidden-lg&#8221;][qode_elements_holder number_of_columns=&#8221;two_columns&#8221; custom_class=&#8221;eh-with-image&#8221;][qode_elements_holder_item advanced_animations=&#8221;no&#8221; item_padding=&#8221;0px 0px 0px 0px&#8221;][vc_single_image image=&#8221;12016&#8243; img_size=&#8221;full&#8221; css=&#8221;&#8221; qode_css_animation=&#8221;&#8221;][\/qode_elements_holder_item][qode_elements_holder_item vertical_alignment=&#8221;middle&#8221; horizontal_alignment=&#8221;left&#8221; advanced_animations=&#8221;no&#8221; background_image=&#8221;91&#8243; item_padding=&#8221;40px 50px 40px 50px&#8221; item_padding_1024_1280=&#8221;40px 50px 40px 50px&#8221; item_padding_768_1024=&#8221;40px 50px 40px 50px&#8221; item_padding_480_600=&#8221;40px 40px 40px 40px&#8221; item_padding_480=&#8221;40px 40px 40px 40px&#8221; background_color=&#8221;#ffffff&#8221;][vc_column_text css=&#8221;&#8221;] L\u00edra Terasz. [\/vc_column_text][vc_empty_space height=&#8221;9px&#8221;][vc_column_text css=&#8221;&#8221;]Our own caf\u00e9, L\u00edra Terasz, is located in Hunyadi Square Park, opposite the hotel. As a specialty caf\u00e9, we place great emphasis on&#8230;<\/p>\n","protected":false},"author":1,"featured_media":0,"parent":0,"menu_order":0,"comment_status":"closed","ping_status":"closed","template":"","meta":{"footnotes":""},"class_list":["post-12028","page","type-page","status-publish","hentry"],"_links":{"self":[{"href":"https:\/\/uphotelbudapest.com\/en\/wp-json\/wp\/v2\/pages\/12028","targetHints":{"allow":["GET"]}}],"collection":[{"href":"https:\/\/uphotelbudapest.com\/en\/wp-json\/wp\/v2\/pages"}],"about":[{"href":"https:\/\/uphotelbudapest.com\/en\/wp-json\/wp\/v2\/types\/page"}],"author":[{"embeddable":true,"href":"https:\/\/uphotelbudapest.com\/en\/wp-json\/wp\/v2\/users\/1"}],"replies":[{"embeddable":true,"href":"https:\/\/uphotelbudapest.com\/en\/wp-json\/wp\/v2\/comments?post=12028"}],"version-history":[{"count":3,"href":"https:\/\/uphotelbudapest.com\/en\/wp-json\/wp\/v2\/pages\/12028\/revisions"}],"predecessor-version":[{"id":12054,"href":"https:\/\/uphotelbudapest.com\/en\/wp-json\/wp\/v2\/pages\/12028\/revisions\/12054"}],"wp:attachment":[{"href":"https:\/\/uphotelbudapest.com\/en\/wp-json\/wp\/v2\/media?parent=12028"}],"curies":[{"name":"wp","href":"https:\/\/api.w.org\/{rel}","templated":true}]}}